{"id":147,"date":"2024-08-14T00:00:13","date_gmt":"2024-08-14T00:00:13","guid":{"rendered":"http:\/\/www.czc.com.mx\/home\/?page_id=147"},"modified":"2024-08-14T00:12:07","modified_gmt":"2024-08-14T00:12:07","slug":"nuova-societa-panormus","status":"publish","type":"page","link":"http:\/\/www.czc.com.mx\/home\/?page_id=147","title":{"rendered":"Nuova Societa Panormus"},"content":{"rendered":"\n<div class=\"wp-block-cover alignfull has-parallax wp-duotone-primary-foreground\" style=\"padding-top:0;padding-bottom:var(--wp--preset--spacing--x-large)\"><span aria-hidden=\"true\" class=\"wp-block-cover__background has-foreground-background-color has-background-dim\"><\/span><div class=\"wp-block-cover__image-background has-parallax\" style=\"background-position:50% 50%;background-image:url(http:\/\/www.czc.com.mx\/home\/wp-content\/themes\/greyd-wp\/assets\/images\/white-interlaced-blocks-on-dark.webp)\"><\/div><div class=\"wp-block-cover__inner-container has-global-padding is-layout-constrained wp-container-core-cover-is-layout-a2274998 wp-block-cover-is-layout-constrained\">\n<div class=\"wp-block-group alignwide is-layout-flow wp-block-group-is-layout-flow\"><\/div>\n\n\n\n<div style=\"height:var(--wp--preset--spacing--large)\" aria-hidden=\"true\" class=\"wp-block-spacer\"><\/div>\n\n\n\n<div class=\"wp-block-group is-layout-flow wp-container-core-group-is-layout-8a92f19b wp-block-group-is-layout-flow\">\n<h1 class=\"wp-block-heading has-text-align-center\" id=\"tema-greyd-3\">Nuova Societa Panormus<\/h1>\n\n\n\n<p class=\"has-text-align-center has-medium-font-size\"><strong>Servicios de Recursos Humanos y Reclutamiento<\/strong><\/p>\n\n\n\n<p class=\"has-text-align-center\"><strong>Conocemos las&nbsp; particularidades del ecosistema laboral,&nbsp; contamos con especialistas en las \u00e1reas que m\u00e1s interesan a tu negocio.<\/strong><\/p>\n<\/div>\n<\/div><\/div>\n\n\n\n<div style=\"height:55px\" aria-hidden=\"true\" class=\"wp-block-spacer\"><\/div>\n\n\n\n<h2 id=\"gspb_heading-id-gsbp-b08dfb0\" class=\"gspb_heading gspb_heading-id-gsbp-b08dfb0 \" data-aos=\"fade-up\" data-aos-easing=\"ease\" data-aos-duration=\"800\">Servicios<\/h2>\n\n\n\n<div class=\"wp-block-greenshift-blocks-container gspb_container gspb_container-gsbp-d93b023\" id=\"gspb_container-id-gsbp-d93b023\" data-aos=\"fade-up\" data-aos-easing=\"ease\" data-aos-duration=\"800\">\n<div class=\"wp-block-group has-global-padding is-layout-constrained wp-block-group-is-layout-constrained\">\n<div class=\"wp-block-group alignwide is-layout-flow wp-block-group-is-layout-flow\" style=\"margin-top:var(--wp--preset--spacing--medium);margin-bottom:var(--wp--preset--spacing--medium)\">\n<div class=\"wp-block-columns alignwide is-layout-flex wp-container-core-columns-is-layout-a5331a9e wp-block-columns-is-layout-flex\" style=\"padding-top:0;padding-right:0;padding-bottom:0;padding-left:0\">\n<div class=\"wp-block-column is-layout-flow wp-block-column-is-layout-flow\">\n<div class=\"wp-block-group has-border-color has-foreground-border-color has-foreground-to-primary-gradient-background has-background is-vertical is-content-justification-left is-layout-flex wp-container-core-group-is-layout-c6e5b353 wp-block-group-is-layout-flex\" style=\"border-style:dotted;border-radius:8px\">\n<div class=\"gspb_heading_sep_gsbp-90daf16\"><div class=\"gspb_heading_sep gspb_heading_sep_before\"><div class=\"gs-numhead__circle\"><span>1<\/span><\/div><\/div><div id=\"gspb_heading-id-gsbp-90daf16\" class=\"gspb_heading gspb_heading-id-gsbp-90daf16 \"> <\/div><\/div>\n\n\n\n<details class=\"wp-block-details has-lightest-color has-text-color has-link-color wp-elements-bae8e3ff849481062f421de20c12dd19 is-layout-flow wp-block-details-is-layout-flow\"><summary>Reclutamiento Especializado <\/summary>\n<ul class=\"wp-block-list\">\n<li><strong>Headhunting:<\/strong> Identificaci\u00f3n y atracci\u00f3n de candidatos pasivos con perfiles altamente especializados.<\/li>\n<\/ul>\n\n\n\n<ul class=\"wp-block-list\">\n<li><strong>Reclutamiento t\u00e9cnico:<\/strong> B\u00fasqueda de perfiles tecnol\u00f3gicos espec\u00edficos (desarrolladores, ingenieros de datos, etc.).<\/li>\n<\/ul>\n\n\n\n<ul class=\"wp-block-list\">\n<li><strong>Reclutamiento internacional:<\/strong> Atracci\u00f3n de talento global.<\/li>\n<\/ul>\n\n\n\n<ul class=\"wp-block-list\">\n<li><strong>Reclutamiento de startups:<\/strong> Conocimiento profundo del ecosistema startup y sus necesidades particulares.<\/li>\n<\/ul>\n<\/details>\n<\/div>\n\n\n\n<div class=\"wp-block-group has-border-color has-foreground-border-color has-foreground-to-primary-gradient-background has-background is-vertical is-content-justification-left is-layout-flex wp-container-core-group-is-layout-c6e5b353 wp-block-group-is-layout-flex\" style=\"border-style:dotted;border-radius:8px\">\n<div class=\"gspb_heading_sep_gsbp-60a1016\"><div class=\"gspb_heading_sep gspb_heading_sep_before\"><div class=\"gs-numhead__circle\"><span>3<\/span><\/div><\/div><div id=\"gspb_heading-id-gsbp-60a1016\" class=\"gspb_heading gspb_heading-id-gsbp-60a1016 \"> <\/div><\/div>\n\n\n\n<details class=\"wp-block-details has-lightest-color has-text-color has-link-color wp-elements-1aa7468543fef4e98e0aecf9a0bceb4f is-layout-flow wp-block-details-is-layout-flow\"><summary>Onboarding y Desarrollo<\/summary>\n<ul class=\"wp-block-list\">\n<li><strong>Programas de inducci\u00f3n: <\/strong>Integraci\u00f3n efectiva de los nuevos empleados a la cultura y los procesos de la empresa.<\/li>\n<\/ul>\n\n\n\n<ul class=\"wp-block-list\">\n<li><strong>Planes de desarrollo profesional: <\/strong>Dise\u00f1o de trayectorias de crecimiento para cada empleado.<\/li>\n<\/ul>\n\n\n\n<ul class=\"wp-block-list\">\n<li><strong>Capacitaci\u00f3n y formaci\u00f3n:<\/strong> Cursos y talleres para mejorar las habilidades de los empleados.<\/li>\n<\/ul>\n<\/details>\n<\/div>\n\n\n\n<div class=\"wp-block-group has-border-color has-foreground-border-color has-foreground-to-primary-gradient-background has-background is-vertical is-content-justification-left is-layout-flex wp-container-core-group-is-layout-c6e5b353 wp-block-group-is-layout-flex\" style=\"border-style:dotted;border-radius:8px\">\n<div class=\"gspb_heading_sep_gsbp-d2fd06d\"><div class=\"gspb_heading_sep gspb_heading_sep_before\"><div class=\"gs-numhead__circle\"><span>5<\/span><\/div><\/div><div id=\"gspb_heading-id-gsbp-d2fd06d\" class=\"gspb_heading gspb_heading-id-gsbp-d2fd06d \"> <\/div><\/div>\n\n\n\n<details class=\"wp-block-details has-lightest-color has-text-color has-link-color wp-elements-3d3ac3f4191588592827f8c173bb61c4 is-layout-flow wp-block-details-is-layout-flow\"><summary>Outsourcing de R.H. <\/summary>\n<ul class=\"wp-block-list\">\n<li><strong>N\u00f3mina: <\/strong>Gesti\u00f3n de la n\u00f3mina y cumplimiento de las obligaciones laborales.<\/li>\n<\/ul>\n\n\n\n<ul class=\"wp-block-list\">\n<li><strong>Beneficios sociales: <\/strong>Administraci\u00f3n de los beneficios para los empleados.<\/li>\n<\/ul>\n\n\n\n<ul class=\"wp-block-list\">\n<li><strong>Relaciones laborales: <\/strong>Gesti\u00f3n de conflictos y representaci\u00f3n legal.<\/li>\n<\/ul>\n<\/details>\n<\/div>\n<\/div>\n\n\n\n<div class=\"wp-block-column is-layout-flow wp-block-column-is-layout-flow\">\n<div class=\"wp-block-group has-border-color has-foreground-border-color has-primary-to-foreground-gradient-background has-background is-vertical is-content-justification-left is-layout-flex wp-container-core-group-is-layout-a99cfd2b wp-block-group-is-layout-flex\" style=\"border-style:dotted;border-radius:8px\">\n<div class=\"wp-block-group has-global-padding is-layout-constrained wp-container-core-group-is-layout-f5f3bcb8 wp-block-group-is-layout-constrained\">\n<div class=\"wp-block-group is-nowrap is-layout-flex wp-container-core-group-is-layout-6c531013 wp-block-group-is-layout-flex\">\n<div class=\"gspb_heading_sep_gsbp-585ba47\"><div class=\"gspb_heading_sep gspb_heading_sep_before\"><div class=\"gs-numhead__circle\"><span>2<\/span><\/div><\/div><div id=\"gspb_heading-id-gsbp-585ba47\" class=\"gspb_heading gspb_heading-id-gsbp-585ba47 \"> <\/div><\/div>\n<\/div>\n<\/div>\n\n\n\n<details class=\"wp-block-details has-lightest-color has-text-color has-link-color wp-elements-090f1bcb0ff98158775e98ce34721d47 is-layout-flow wp-block-details-is-layout-flow\"><summary>Evaluaci\u00f3n y Selecci\u00f3n <\/summary>\n<ul class=\"wp-block-list\">\n<li><strong>Evaluaciones psicom\u00e9tricas:<\/strong> Identificaci\u00f3n de competencias y habilidades clave para cada puesto.<\/li>\n<\/ul>\n\n\n\n<ul class=\"wp-block-list\">\n<li><strong>Din\u00e1micas de grupo:<\/strong> Evaluaci\u00f3n de habilidades blandas y trabajo en equipo.<\/li>\n<\/ul>\n\n\n\n<ul class=\"wp-block-list\">\n<li><strong>Entrevistas estructuradas: <\/strong>Proceso de selecci\u00f3n m\u00e1s objetivo y eficiente.<\/li>\n<\/ul>\n\n\n\n<ul class=\"wp-block-list\">\n<li><strong>Referencias laborales: <\/strong>Verificaci\u00f3n de la experiencia y desempe\u00f1o de los candidatos.<\/li>\n<\/ul>\n<\/details>\n<\/div>\n\n\n\n<div class=\"wp-block-group has-border-color has-foreground-border-color has-primary-to-foreground-gradient-background has-background is-vertical is-content-justification-left is-layout-flex wp-container-core-group-is-layout-a99cfd2b wp-block-group-is-layout-flex\" style=\"border-style:dotted;border-radius:8px\">\n<div class=\"wp-block-group has-global-padding is-layout-constrained wp-container-core-group-is-layout-f5f3bcb8 wp-block-group-is-layout-constrained\">\n<div class=\"wp-block-group is-nowrap is-layout-flex wp-container-core-group-is-layout-6c531013 wp-block-group-is-layout-flex\">\n<div class=\"gspb_heading_sep_gsbp-86e93ab\"><div class=\"gspb_heading_sep gspb_heading_sep_before\"><div class=\"gs-numhead__circle\"><span>4<\/span><\/div><\/div><div id=\"gspb_heading-id-gsbp-86e93ab\" class=\"gspb_heading gspb_heading-id-gsbp-86e93ab \"> <\/div><\/div>\n<\/div>\n<\/div>\n\n\n\n<details class=\"wp-block-details has-lightest-color has-text-color has-link-color wp-elements-8c0ac7db09488b3ea7bcc175d3c513ab is-layout-flow wp-block-details-is-layout-flow\"><summary>Gesti\u00f3n de Talento <\/summary>\n<ul class=\"wp-block-list\">\n<li><strong>Performance management: <\/strong>Evaluaci\u00f3n del desempe\u00f1o y establecimiento de objetivos.<\/li>\n<\/ul>\n\n\n\n<ul class=\"wp-block-list\">\n<li><strong>Sucesi\u00f3n:<\/strong> Identificaci\u00f3n y desarrollo de futuros l\u00edderes.<\/li>\n<\/ul>\n\n\n\n<ul class=\"wp-block-list\">\n<li><strong>Engagement de empleados:<\/strong> Fomento de un ambiente laboral positivo y motivador.<\/li>\n<\/ul>\n\n\n\n<ul class=\"wp-block-list\">\n<li><strong>Cultura organizacional: <\/strong>Fortalecimiento de la cultura de la empresa y alineaci\u00f3n de los valores.<\/li>\n<\/ul>\n<\/details>\n<\/div>\n\n\n\n<div class=\"wp-block-group has-border-color has-foreground-border-color has-primary-to-foreground-gradient-background has-background is-vertical is-content-justification-left is-layout-flex wp-container-core-group-is-layout-a99cfd2b wp-block-group-is-layout-flex\" style=\"border-style:dotted;border-radius:8px\">\n<div class=\"wp-block-group has-global-padding is-layout-constrained wp-container-core-group-is-layout-f5f3bcb8 wp-block-group-is-layout-constrained\">\n<div class=\"wp-block-group is-nowrap is-layout-flex wp-container-core-group-is-layout-6c531013 wp-block-group-is-layout-flex\">\n<div class=\"gspb_heading_sep_gsbp-83e5a97\"><div class=\"gspb_heading_sep gspb_heading_sep_before\"><div class=\"gs-numhead__circle\"><span>6<\/span><\/div><\/div><div id=\"gspb_heading-id-gsbp-83e5a97\" class=\"gspb_heading gspb_heading-id-gsbp-83e5a97 \"> <\/div><\/div>\n<\/div>\n<\/div>\n\n\n\n<details class=\"wp-block-details has-lightest-color has-text-color has-link-color wp-elements-f1b21b85391bf9ae137682f30ccf25d0 is-layout-flow wp-block-details-is-layout-flow\"><summary><strong>Plataformas y Herramientas Tech<\/strong> <\/summary>\n<ul class=\"wp-block-list\">\n<li><strong>ATS (Applicant Tracking System): <\/strong>Software para gestionar el proceso de reclutamiento de principio a fin.<\/li>\n<\/ul>\n\n\n\n<ul class=\"wp-block-list\">\n<li><strong>HRM (Human Resource Management): <\/strong>Plataformas para gestionar todos los aspectos de los recursos humanos.<\/li>\n<\/ul>\n\n\n\n<ul class=\"wp-block-list\">\n<li><strong>Learning Management Systems (LMS): <\/strong>Plataformas para la gesti\u00f3n de la capacitaci\u00f3n y el desarrollo.<\/li>\n<\/ul>\n\n\n\n<ul class=\"wp-block-list\">\n<li><strong>Herramientas de colaboraci\u00f3n: <\/strong>Para facilitar la comunicaci\u00f3n y el trabajo en equipo.<\/li>\n<\/ul>\n<\/details>\n<\/div>\n<\/div>\n<\/div>\n<\/div>\n<\/div>\n<\/div>\n\n\n\n<div class=\"wp-block-greenshift-blocks-container alignfull gspb_container gspb_container-gsbp-609ea2b\" id=\"gspb_container-id-gsbp-609ea2b\" data-aos=\"fade-up\" data-aos-easing=\"ease\" data-aos-duration=\"800\">\n<div class=\"wp-block-cover is-style-default wp-duotone-unset-1\" style=\"padding-top:var(--wp--preset--spacing--x-large);padding-right:var(--wp--preset--spacing--x-large);padding-bottom:var(--wp--preset--spacing--x-large);padding-left:var(--wp--preset--spacing--x-large)\"><span aria-hidden=\"true\" class=\"wp-block-cover__background has-main-background-color has-background-dim-100 has-background-dim\"><\/span><div class=\"wp-block-cover__inner-container is-layout-flow wp-container-core-cover-is-layout-0e1a37bd wp-block-cover-is-layout-flow\">\n<div class=\"wp-block-group is-vertical is-content-justification-left is-layout-flex wp-container-core-group-is-layout-8c366a71 wp-block-group-is-layout-flex\">\n<div class=\"wp-block-group is-nowrap is-layout-flex wp-container-core-group-is-layout-060a0d12 wp-block-group-is-layout-flex\" style=\"border-bottom-color:var(--wp--preset--color--background);border-bottom-style:dotted;border-bottom-width:1px;padding-bottom:var(--wp--preset--spacing--medium)\">\n<p class=\"has-main-accent-color has-text-color has-small-font-size\" style=\"font-style:normal;font-weight:500\">Explora las posibilidades con Nuova Societa Panormus<\/p>\n<\/div>\n\n\n\n<div class=\"wp-block-group is-layout-flow wp-container-core-group-is-layout-8a92f19b wp-block-group-is-layout-flow\">\n<h2 class=\"wp-block-heading has-text-align-left has-base-color has-text-color\" id=\"el-centro-neuralgico-donde-prospera-tu-estrategia-empresarial-1\"><strong>Si est\u00e1s buscando<\/strong>:<\/h2>\n\n\n\n<ul class=\"wp-block-list\">\n<li>Ahorro de tiempo y recursos: Al externalizar estas tareas, podr\u00e1s concentrarte en tu core business.<\/li>\n<\/ul>\n\n\n\n<ul class=\"wp-block-list\">\n<li>Mayor flexibilidad:\u00a0 podr\u00e1s escalar tus equipos de manera r\u00e1pida y eficiente.<\/li>\n<\/ul>\n\n\n\n<ul class=\"wp-block-list\">\n<li>Cultura organizacional s\u00f3lida: Si requieres un buen programa de recursos humanos te ayudamos a construir una cultura fuerte y atractiva para el talento<\/li>\n<\/ul>\n<\/div>\n<\/div>\n\n\n\n<div class=\"wp-block-group is-vertical is-content-justification-stretch is-layout-flex wp-container-core-group-is-layout-353c4f5a wp-block-group-is-layout-flex\">\n<div class=\"wp-block-buttons is-layout-flex wp-block-buttons-is-layout-flex\">\n<div class=\"wp-block-button has-custom-width wp-block-button__width-100\"><a class=\"wp-block-button__link wp-element-button\" href=\"http:\/\/www.czc.com.mx\/home\/?page_id=43\">Empieza hoy \u2192<\/a><\/div>\n<\/div>\n<\/div>\n<\/div><\/div>\n<\/div>\n","protected":false},"excerpt":{"rendered":"","protected":false},"author":1,"featured_media":0,"parent":0,"menu_order":0,"comment_status":"closed","ping_status":"closed","template":"","meta":{"_gspb_post_css":"#gspb_heading-id-gsbp-60a1016,#gspb_heading-id-gsbp-90daf16,#gspb_heading-id-gsbp-d2fd06d{color:var(--wp--preset--color--background, #f9f7ff)}.gspb_heading_sep_gsbp-90daf16>.gspb_heading_sep{width:50px}.gspb_heading_sep_gsbp-90daf16 .gs-numhead__circle{border:3px solid #000;border-radius:50%;box-sizing:content-box;display:inline-block;font-weight:700;text-align:center;overflow:hidden;color:#fff;background:#000;width:calc(50px - 6px);min-width:calc(50px - 6px);height:calc(50px - 6px);line-height:calc(50px - 6px);font-size:30px}.gspb_heading_sep_gsbp-60a1016,.gspb_heading_sep_gsbp-90daf16{transform:translateZ(60px) scale(.94);display:flex;align-items:center}.gspb_heading_sep_gsbp-60a1016>.gspb_heading_sep{width:50px}.gspb_heading_sep_gsbp-60a1016 .gs-numhead__circle{border:3px solid #000;border-radius:50%;box-sizing:content-box;display:inline-block;font-weight:700;text-align:center;overflow:hidden;color:#fff;background:#000;width:calc(50px - 6px);min-width:calc(50px - 6px);height:calc(50px - 6px);line-height:calc(50px - 6px);font-size:30px}.gspb_heading_sep_gsbp-d2fd06d>.gspb_heading_sep{width:50px}.gspb_heading_sep_gsbp-d2fd06d .gs-numhead__circle{border:3px solid #000;border-radius:50%;box-sizing:content-box;display:inline-block;font-weight:700;text-align:center;overflow:hidden;color:#fff;background:#000;width:calc(50px - 6px);min-width:calc(50px - 6px);height:calc(50px - 6px);line-height:calc(50px - 6px);font-size:30px}.gspb_heading_sep_gsbp-585ba47,.gspb_heading_sep_gsbp-d2fd06d{transform:translateZ(60px) scale(.94);display:flex;align-items:center}.gspb_heading_sep_gsbp-585ba47>.gspb_heading_sep{width:50px}.gspb_heading_sep_gsbp-585ba47 .gs-numhead__circle{border:3px solid #000;border-radius:50%;box-sizing:content-box;display:inline-block;font-weight:700;text-align:center;overflow:hidden;color:#fff;background:#000;width:calc(50px - 6px);min-width:calc(50px - 6px);height:calc(50px - 6px);line-height:calc(50px - 6px);font-size:30px}.gspb_heading_sep_gsbp-86e93ab>.gspb_heading_sep{width:50px}.gspb_heading_sep_gsbp-86e93ab .gs-numhead__circle{border:3px solid #000;border-radius:50%;box-sizing:content-box;display:inline-block;font-weight:700;text-align:center;overflow:hidden;color:#fff;background:#000;width:calc(50px - 6px);min-width:calc(50px - 6px);height:calc(50px - 6px);line-height:calc(50px - 6px);font-size:30px}.gspb_heading_sep_gsbp-83e5a97,.gspb_heading_sep_gsbp-86e93ab{transform:translateZ(60px) scale(.94);display:flex;align-items:center}.gspb_heading_sep_gsbp-83e5a97>.gspb_heading_sep{width:50px}.gspb_heading_sep_gsbp-83e5a97 .gs-numhead__circle{border:3px solid #000;border-radius:50%;box-sizing:content-box;display:inline-block;font-weight:700;text-align:center;overflow:hidden;color:#fff;background:#000;width:calc(50px - 6px);min-width:calc(50px - 6px);height:calc(50px - 6px);line-height:calc(50px - 6px);font-size:30px}.gspb_container-id-gsbp-d93b023{flex-direction:column;box-sizing:border-box}#gspb_container-id-gsbp-609ea2b.gspb_container>p:last-of-type,#gspb_container-id-gsbp-d93b023.gspb_container>p:last-of-type{margin-bottom:0}#gspb_container-id-gsbp-d93b023.gspb_container{transition-duration:.8s;transition-timing-function:ease;opacity:0;transition-property:opacity,transform;transform:translate3d(0,60px,0)}#gspb_container-id-gsbp-609ea2b.gspb_container.aos-animate,#gspb_container-id-gsbp-609ea2b.gspb_container[data-gs-aos],#gspb_container-id-gsbp-d93b023.gspb_container.aos-animate,#gspb_container-id-gsbp-d93b023.gspb_container[data-gs-aos],#gspb_heading-id-gsbp-b08dfb0.aos-animate,#gspb_heading-id-gsbp-b08dfb0[data-gs-aos]{opacity:1;transform:translateZ(0)}#gspb_container-id-gsbp-609ea2b.gspb_container,#gspb_heading-id-gsbp-b08dfb0{transition-duration:.8s;transition-timing-function:ease;opacity:0;transition-property:opacity,transform;transform:translate3d(0,60px,0)}.gspb_container-id-gsbp-609ea2b{flex-direction:column;box-sizing:border-box}.gspb_container{position:relative}#gspb_container-id-gsbp-609ea2b.gspb_container{border-style:solid;border-width:9px;border-color:var(--wp--preset--color--darkest, #000000)}","footnotes":""},"class_list":["post-147","page","type-page","status-publish","hentry"],"_links":{"self":[{"href":"http:\/\/www.czc.com.mx\/home\/index.php?rest_route=\/wp\/v2\/pages\/147","targetHints":{"allow":["GET"]}}],"collection":[{"href":"http:\/\/www.czc.com.mx\/home\/index.php?rest_route=\/wp\/v2\/pages"}],"about":[{"href":"http:\/\/www.czc.com.mx\/home\/index.php?rest_route=\/wp\/v2\/types\/page"}],"author":[{"embeddable":true,"href":"http:\/\/www.czc.com.mx\/home\/index.php?rest_route=\/wp\/v2\/users\/1"}],"replies":[{"embeddable":true,"href":"http:\/\/www.czc.com.mx\/home\/index.php?rest_route=%2Fwp%2Fv2%2Fcomments&post=147"}],"version-history":[{"count":12,"href":"http:\/\/www.czc.com.mx\/home\/index.php?rest_route=\/wp\/v2\/pages\/147\/revisions"}],"predecessor-version":[{"id":159,"href":"http:\/\/www.czc.com.mx\/home\/index.php?rest_route=\/wp\/v2\/pages\/147\/revisions\/159"}],"wp:attachment":[{"href":"http:\/\/www.czc.com.mx\/home\/index.php?rest_route=%2Fwp%2Fv2%2Fmedia&parent=147"}],"curies":[{"name":"wp","href":"https:\/\/api.w.org\/{rel}","templated":true}]}}