{"id":61,"date":"2024-08-13T20:49:45","date_gmt":"2024-08-13T20:49:45","guid":{"rendered":"http:\/\/www.czc.com.mx\/home\/?page_id=61"},"modified":"2024-08-13T21:34:23","modified_gmt":"2024-08-13T21:34:23","slug":"nosotros","status":"publish","type":"page","link":"http:\/\/www.czc.com.mx\/home\/?page_id=61","title":{"rendered":"Nuestra esencia"},"content":{"rendered":"\n<div class=\"wp-block-columns is-layout-flex wp-container-core-columns-is-layout-28f84493 wp-block-columns-is-layout-flex\">\n<div class=\"wp-block-column is-layout-flow wp-block-column-is-layout-flow\" style=\"flex-basis:100%\">\n<div class=\"wp-block-group alignwide has-background-background-color has-background has-global-padding is-layout-constrained wp-block-group-is-layout-constrained\" style=\"padding-top:0;padding-bottom:0\"><h1 class=\"has-text-align-center has-link-color alignwide  wp-elements-d1fdcf0adaf67e89dbb1df10ab2cbef2 wp-block-post-title has-text-color has-primary-color has-small-font-size\">Nuestra esencia<\/h1>\n\n\n<div class=\"wp-block-group alignwide is-layout-flow wp-block-group-is-layout-flow\" style=\"margin-top:var(--wp--preset--spacing--small);margin-bottom:var(--wp--preset--spacing--x-large)\">\n<h2 class=\"wp-block-heading alignwide has-text-align-center\" id=\"estas-perdiendo-tiempo-valioso-en-tareas-administrativas-te-preocupa-el-crecimiento-de-tus-deudas-o-sientes-que-tu-negocio-no-alcanza-su-maximo-potencial-tenemos-la-solucion\" style=\"margin-top:0;margin-bottom:0;line-height:1.3\">\u00bfEst\u00e1s perdiendo tiempo valioso en tareas administrativas, te preocupa el crecimiento de tus deudas o sientes que tu negocio no alcanza su m\u00e1ximo potencial?<br><mark class=\"has-inline-color has-background-color has-foreground-background-color\">\u00a1Tenemos la soluci\u00f3n!<\/mark><\/h2>\n<\/div>\n\n\n<style scoped>#gspb_row-id-gsbp-9769df8{justify-content:space-between;margin-top:0px;margin-bottom:0px;display:flex;flex-wrap:wrap;}#gspb_row-id-gsbp-9769df8 >.gspb_row__content{display:flex;justify-content:space-between;margin:0 auto;width:100%;flex-wrap:wrap;}.gspb_row{position:relative;}div[id^=gspb_col-id]{box-sizing:border-box;position:relative;}div[id^=gspb_col-id]{padding:15px min(3vw,20px);}#gspb_row-id-gsbp-9769df8 >.gspb_row__content{max-width:1200px;}#gspb_row-id-gsbp-9769df8{transition-duration:0.8s;}#gspb_row-id-gsbp-9769df8{transition-timing-function:ease;}#gspb_row-id-gsbp-9769df8{opacity:0;transition-property:opacity,transform;}#gspb_row-id-gsbp-9769df8.aos-animate,#gspb_row-id-gsbp-9769df8[data-gs-aos]{opacity:1;transform:translateZ(0);}<\/style>\n<div class=\"wp-block-greenshift-blocks-row gspb_row gspb_row-id-gsbp-9769df8\" id=\"gspb_row-id-gsbp-9769df8\" data-aos=\"fade\" data-aos-easing=\"ease\" data-aos-duration=\"800\"><div class=\"gspb_row__content\"> <style scoped>#gspb_col-id-gsbp-fdb62a8.gspb_row__col--6{width:50%;}@media (max-width:575.98px){#gspb_col-id-gsbp-fdb62a8.gspb_row__col--6{width:100%;}}<\/style>\n<div class=\"wp-block-greenshift-blocks-row-column gspb_row__col--6 gspb_col-id-gsbp-fdb62a8\" id=\"gspb_col-id-gsbp-fdb62a8\"><style scoped>.gspb_container-id-gsbp-4b277cd{flex-direction:column;box-sizing:border-box;}#gspb_container-id-gsbp-4b277cd.gspb_container >p:last-of-type{margin-bottom:0}.gspb_container{position:relative;}#gspb_container-id-gsbp-4b277cd.gspb_container{overflow:hidden;display:flex;--gap:1rem;gap:var(--gap);}#gspb_container-id-gsbp-4b277cd.gspb_container >.gspb_marquee_content{flex-shrink:0;display:flex;justify-content:space-around;gap:var(--gap);min-width:100%;}@keyframes marqueegsbp-4b277cd{from{transform:translateX(0);}to{transform:translateX(calc(-100% - var(--gap)));}}#gspb_container-id-gsbp-4b277cd.gspb_container.marquee_enabled .gspb_marquee_content{animation:marqueegsbp-4b277cd 12s linear infinite;}@media (prefers-reduced-motion:reduce){#gspb_container-id-gsbp-4b277cd.gspb_container .marquee__content{animation-play-state:paused!important;}}#gspb_container-id-gsbp-4b277cd.gspb_container{mask-image:linear-gradient(to left,hsl(0 0% 0% \/ 0),hsl(0 0% 0% \/ 1) 5%,hsl(0 0% 0% \/ 1) 95%,hsl(0 0% 0% \/ 0));}<\/style>\n<div class=\"wp-block-greenshift-blocks-container gspb_container gspb_container-gsbp-4b277cd\" id=\"gspb_container-id-gsbp-4b277cd\"><div class=\"gspb_marquee_content\"><\/div><div class=\"gspb_marquee_content\" aria-hidden=\"true\"><\/div><\/div>\n\n\n<style scoped>.gspb_container-id-gsbp-7d761bf{flex-direction:column;box-sizing:border-box;}#gspb_container-id-gsbp-7d761bf.gspb_container >p:last-of-type{margin-bottom:0}.gspb_container{position:relative;}#gspb_container-id-gsbp-7d761bf.gspb_container{margin-bottom:0px;}<\/style>\n<div class=\"wp-block-greenshift-blocks-container gspb_container gspb_container-gsbp-7d761bf\" id=\"gspb_container-id-gsbp-7d761bf\"><style scoped>#gspb_heading-id-gsbp-d31523c{margin-top:0px;margin-bottom:0px;}<\/style>\n<h2 id=\"gspb_heading-id-gsbp-d31523c\" class=\"gspb_heading gspb_heading-id-gsbp-d31523c \">Quienes somos:<\/h2>\n<\/div>\n<\/div>\n\n\n<style scoped>#gspb_col-id-gsbp-a99aa84.gspb_row__col--6{width:50%;}@media (max-width:575.98px){#gspb_col-id-gsbp-a99aa84.gspb_row__col--6{width:100%;}}<\/style>\n<div class=\"wp-block-greenshift-blocks-row-column gspb_row__col--6 gspb_col-id-gsbp-a99aa84\" id=\"gspb_col-id-gsbp-a99aa84\">\n<div id=\"gspb_text-id-gsbp-22bf95c\" class=\"gspb_text gspb_text-id-gsbp-22bf95c \">En Zamglez de Coss somos un Holding Empresarial enfocado en la gesti\u00f3n\u00a0 administrativa para el blindaje empresarial presente y futuro\u00a0 de nuestros clientes<\/div>\n<\/div>\n <\/div><\/div>\n\n\n\n<div class=\"wp-block-columns alignwide is-layout-flex wp-container-core-columns-is-layout-4286bd61 wp-block-columns-is-layout-flex\" style=\"padding-top:var(--wp--preset--spacing--tiny);padding-right:0;padding-bottom:var(--wp--preset--spacing--tiny);padding-left:0\">\n<div class=\"wp-block-column is-vertically-aligned-stretch has-lightest-background-color has-background is-layout-flow wp-block-column-is-layout-flow\" style=\"flex-basis:50%\">\n<div class=\"wp-block-group is-vertical is-content-justification-stretch is-layout-flex wp-container-core-group-is-layout-444d5ee8 wp-block-group-is-layout-flex\" style=\"border-radius:4px\">\n<div class=\"wp-block-group wp-container-content-9cfa9a5a has-global-padding is-content-justification-left is-layout-constrained wp-container-core-group-is-layout-46463125 wp-block-group-is-layout-constrained\">\n<h3 class=\"wp-block-heading has-text-align-left\" id=\"nuestro-proposito-superior\">Nuestro Prop\u00f3sito Superior<\/h3>\n<\/div>\n\n\n\n<p class=\"has-text-align-left\">Empoderar y blindar a las empresas para que naveguen con \u00e9xito en un&nbsp; entorno constante de cambio y evoluci\u00f3n, protegiendo su presente y asegurando su futuro.<\/p>\n<\/div>\n<\/div>\n\n\n\n<div class=\"wp-block-column is-vertically-aligned-stretch has-lightest-background-color has-background is-layout-flow wp-block-column-is-layout-flow\" style=\"flex-basis:50%\">\n<div class=\"wp-block-group is-vertical is-content-justification-left is-layout-flex wp-container-core-group-is-layout-a99cfd2b wp-block-group-is-layout-flex\" style=\"border-radius:4px\">\n<div class=\"wp-block-group has-global-padding is-layout-constrained wp-container-core-group-is-layout-f5f3bcb8 wp-block-group-is-layout-constrained\">\n<h3 class=\"wp-block-heading has-text-align-left\" id=\"nuestra-meta-grande-y-audaz\">Nuestra Meta grande y audaz<\/h3>\n<\/div>\n\n\n\n<p class=\"has-text-align-left wp-container-content-9cfa9a5a\">Ser un holding de negocios l\u00edder en blindaje de gesti\u00f3n administrativa-empresarial, reconocido&nbsp; por nuestra experiencia y excelencia impulsando el \u00e9xito sostenible de nuestros clientes y un compromiso inquebrantable en pro del&nbsp; planeta, las personas, la innovaci\u00f3n&nbsp; y la tecnolog\u00eda.<\/p>\n<\/div>\n<\/div>\n<\/div>\n<\/div>\n<\/div>\n<\/div>\n\n\n\n<div style=\"height:100px\" aria-hidden=\"true\" class=\"wp-block-spacer\"><\/div>\n\n\n\n<div class=\"wp-block-group alignfull has-cut-foreground-transparent-1-2-gradient-background has-background has-global-padding is-layout-constrained wp-block-group-is-layout-constrained\" style=\"margin-top:0;margin-bottom:var(--wp--preset--spacing--x-large);padding-top:var(--wp--preset--spacing--x-large)\">\n<div class=\"wp-block-columns are-vertically-aligned-center is-layout-flex wp-container-core-columns-is-layout-28f84493 wp-block-columns-is-layout-flex\">\n<div class=\"wp-block-column is-vertically-aligned-center is-layout-flow wp-container-core-column-is-layout-360d14ef wp-block-column-is-layout-flow\">\n<div class=\"wp-block-group has-background-color has-text-color has-link-color wp-elements-8b27373e4b400873a0cb246c6c5f3972 has-global-padding is-content-justification-left is-layout-constrained wp-container-core-group-is-layout-dc37ffa9 wp-block-group-is-layout-constrained\">\n<h2 class=\"wp-block-heading\" id=\"nuestra-cultura\">Nuestra Cultura<\/h2>\n<\/div>\n\n\n\n<div class=\"wp-block-columns has-lightest-color has-text-color has-link-color wp-elements-85f3d76b7f877e614f431947c76bacc7 is-layout-flex wp-container-core-columns-is-layout-97d981de wp-block-columns-is-layout-flex\">\n<div class=\"wp-block-column is-layout-flow wp-block-column-is-layout-flow\">\n<div class=\"wp-block-group is-nowrap is-layout-flex wp-container-core-group-is-layout-0e2afe95 wp-block-group-is-layout-flex\">\n<p class=\"has-highlight-font-family\" style=\"font-size:clamp(38.682px, 2.418rem + ((1vw - 3.2px) * 2.603), 72px);line-height:1\"><strong>1<\/strong><\/p>\n\n\n\n<div class=\"wp-block-group has-background-color has-text-color has-link-color wp-elements-b807da2333f84ee9e41b9b8596cd949f has-global-padding is-layout-constrained wp-container-core-group-is-layout-4889bd1e wp-block-group-is-layout-constrained\" style=\"border-top-style:none;border-top-width:0px;border-right-style:none;border-right-width:0px;border-bottom-style:none;border-bottom-width:0px;border-left-color:var(--wp--preset--color--foreground);border-left-style:dotted;border-left-width:1px;padding-left:var(--wp--preset--spacing--small)\">\n<p>Generar un impacto positivo en la sociedad: Contribuyendo al crecimiento econ\u00f3mico de nuestros clientes y la creaci\u00f3n de empleos.<\/p>\n<\/div>\n<\/div>\n<\/div>\n<\/div>\n\n\n\n<figure class=\"wp-block-image size-full wp-duotone-foreground-background\"><img decoding=\"async\" src=\"http:\/\/www.czc.com.mx\/home\/wp-content\/themes\/greyd-wp\/assets\/images\/white-cubes-floating.webp\" alt=\"\"\/><\/figure>\n\n\n\n<div style=\"height:53px\" aria-hidden=\"true\" class=\"wp-block-spacer\"><\/div>\n\n\n\n<p><mark class=\"has-inline-color has-foreground-color has-background-background-color\">En resumen, nuestro objetivo es ambicioso, inspirador y medible para ayudar a las organizaciones y a las&nbsp; personas a alcanzar su m\u00e1ximo potencial<\/mark> y blindar la gesti\u00f3n administrativa de los empresarios para alcanzar su m\u00e1ximo potencial de negocios para un futuro&nbsp; empresarial&nbsp; pr\u00f3spero.<br><\/p>\n<\/div>\n\n\n\n<div class=\"wp-block-column is-vertically-aligned-center is-layout-flow wp-container-core-column-is-layout-360d14ef wp-block-column-is-layout-flow\" style=\"flex-basis:40%\">\n<div class=\"wp-block-columns has-lightest-color has-text-color has-link-color wp-elements-c5dbfe62869829b5d0a51fcc353a5977 is-layout-flex wp-container-core-columns-is-layout-97d981de wp-block-columns-is-layout-flex\">\n<div class=\"wp-block-column is-layout-flow wp-block-column-is-layout-flow\">\n<div class=\"wp-block-group is-nowrap is-layout-flex wp-container-core-group-is-layout-0e2afe95 wp-block-group-is-layout-flex\">\n<p class=\"has-highlight-font-family\" style=\"font-size:clamp(38.682px, 2.418rem + ((1vw - 3.2px) * 2.603), 72px);line-height:1\">2<\/p>\n\n\n\n<div class=\"wp-block-group has-global-padding is-layout-constrained wp-container-core-group-is-layout-4889bd1e wp-block-group-is-layout-constrained\" style=\"border-top-style:none;border-top-width:0px;border-right-style:none;border-right-width:0px;border-bottom-style:none;border-bottom-width:0px;border-left-color:var(--wp--preset--color--foreground);border-left-style:dotted;border-left-width:1px;padding-left:var(--wp--preset--spacing--small)\">\n<p>Fomentar pr\u00e1cticas empresariales responsables: Promoviendo la \u00e9tica, la transparencia y la sostenibilidad.<\/p>\n<\/div>\n<\/div>\n<\/div>\n<\/div>\n\n\n\n<div class=\"wp-block-group has-background-color has-foreground-to-primary-gradient-background has-text-color has-background has-link-color wp-elements-3d6c5beac4fd63138def74001ec4924a is-layout-flow wp-block-group-is-layout-flow\" style=\"border-radius:0px;padding-top:var(--wp--preset--spacing--medium);padding-right:var(--wp--preset--spacing--medium);padding-bottom:var(--wp--preset--spacing--medium);padding-left:var(--wp--preset--spacing--medium)\">\n<div class=\"wp-block-group has-global-padding is-layout-constrained wp-container-core-group-is-layout-f5f3bcb8 wp-block-group-is-layout-constrained\">\n<div class=\"wp-block-group has-lightest-color has-text-color has-link-color wp-elements-642fc209be3691e80065f16a953a936c is-nowrap is-layout-flex wp-container-core-group-is-layout-0e2afe95 wp-block-group-is-layout-flex\">\n<p class=\"has-highlight-font-family\" style=\"font-size:clamp(38.682px, 2.418rem + ((1vw - 3.2px) * 2.603), 72px);line-height:1\">3<\/p>\n\n\n\n<div class=\"wp-block-group has-global-padding is-layout-constrained wp-container-core-group-is-layout-4889bd1e wp-block-group-is-layout-constrained\" style=\"border-top-style:none;border-top-width:0px;border-right-style:none;border-right-width:0px;border-bottom-style:none;border-bottom-width:0px;border-left-color:var(--wp--preset--color--foreground);border-left-style:dotted;border-left-width:1px;padding-left:var(--wp--preset--spacing--small)\">\n<p>Inspirar a las nuevas generaciones de empresarios: Demostrando que el \u00e9xito puede alcanzarse con integridad y responsabilidad.<\/p>\n<\/div>\n<\/div>\n<\/div>\n<\/div>\n\n\n\n<figure class=\"wp-block-image aligncenter size-full is-resized wp-container-content-8eb0bdf3 wp-duotone-foreground-background\"><img decoding=\"async\" src=\"http:\/\/www.czc.com.mx\/home\/wp-content\/themes\/greyd-wp\/assets\/images\/white-and-black-cubes-and-pyramids.webp\" alt=\"\" style=\"object-fit:cover;width:233px;height:auto\"\/><\/figure>\n<\/div>\n<\/div>\n<\/div>\n\n\n\n<div class=\"wp-block-group alignfull has-cut-transparent-foreground-1-2-gradient-background has-background has-global-padding is-layout-constrained wp-block-group-is-layout-constrained\">\n<div class=\"wp-block-group alignfull has-global-padding is-layout-constrained wp-container-core-group-is-layout-d22146f5 wp-block-group-is-layout-constrained\" style=\"padding-top:var(--wp--preset--spacing--x-large);padding-right:var(--wp--preset--spacing--medium);padding-bottom:var(--wp--preset--spacing--x-large);padding-left:var(--wp--preset--spacing--medium)\">\n<div class=\"wp-block-group alignwide is-content-justification-space-between is-nowrap is-layout-flex wp-container-core-group-is-layout-d90fa0a0 wp-block-group-is-layout-flex\" style=\"margin-bottom:var(--wp--preset--spacing--large)\">\n<h2 class=\"wp-block-heading has-text-align-left has-medium-font-size\" id=\"clientes-satisfechos\" style=\"padding-right:0;padding-left:0\">Clientes Satisfechos<\/h2>\n<\/div>\n\n\n\n<div class=\"wp-block-columns alignwide is-layout-flex wp-container-core-columns-is-layout-28f84493 wp-block-columns-is-layout-flex\">\n<div class=\"wp-block-column is-layout-flow wp-block-column-is-layout-flow\">\n<div class=\"wp-block-group has-lightest-background-color has-background is-layout-flow wp-container-core-group-is-layout-287f94af wp-block-group-is-layout-flow\" style=\"border-radius:4px;padding-top:0;padding-right:0;padding-bottom:0;padding-left:0\">\n<div class=\"wp-block-cover is-light has-custom-content-position is-position-top-right\" style=\"border-top-left-radius:4px;border-top-right-radius:4px;padding-top:var(--wp--preset--spacing--small);padding-right:var(--wp--preset--spacing--small);padding-bottom:var(--wp--preset--spacing--small);padding-left:var(--wp--preset--spacing--small);min-height:200px;aspect-ratio:unset;\"><span aria-hidden=\"true\" class=\"wp-block-cover__background has-background-dim-0 has-background-dim\"><\/span><img decoding=\"async\" class=\"wp-block-cover__image-background\" alt=\"\" src=\"http:\/\/www.czc.com.mx\/home\/wp-content\/themes\/greyd-wp\/assets\/images\/white-and-black-cubes-and-pyramids.webp\" data-object-fit=\"cover\"\/><div class=\"wp-block-cover__inner-container is-layout-flow wp-block-cover-is-layout-flow\">\n<div class=\"wp-block-group has-background-color has-foreground-background-color has-text-color has-background has-link-color has-tiny-font-size wp-elements-e7e7a73b069d9a20ab066cd158728541 is-nowrap is-layout-flex wp-container-core-group-is-layout-8088c5c0 wp-block-group-is-layout-flex\" style=\"border-radius:4px;padding-top:1px;padding-right:6px;padding-bottom:1px;padding-left:6px\">\n<p>Historia<\/p>\n<\/div>\n<\/div><\/div>\n\n\n\n<div class=\"wp-block-group has-global-padding is-layout-constrained wp-container-core-group-is-layout-6513bb61 wp-block-group-is-layout-constrained\" style=\"margin-top:0;margin-bottom:0;padding-top:var(--wp--preset--spacing--medium);padding-right:var(--wp--preset--spacing--medium);padding-bottom:var(--wp--preset--spacing--medium);padding-left:var(--wp--preset--spacing--medium)\">\n<h2 class=\"wp-block-heading has-text-align-left has-base-font-size\" id=\"roger\">Roger<\/h2>\n\n\n\n<p class=\"has-small-font-size\" style=\"margin-bottom:var(--wp--preset--spacing--medium)\">Greyd es perfecto para cualquiera que desee controlar de forma centralizada el contenido y el dise\u00f1o de cualquier n\u00famero de web.<\/p>\n\n\n\n<div class=\"wp-block-buttons is-layout-flex wp-block-buttons-is-layout-flex\">\n<div class=\"wp-block-button is-size-small is-style-alternate\"><a class=\"wp-block-button__link wp-element-button\">Empresa 1<\/a><\/div>\n<\/div>\n<\/div>\n<\/div>\n<\/div>\n\n\n\n<div class=\"wp-block-column is-layout-flow wp-block-column-is-layout-flow\">\n<div class=\"wp-block-group has-lightest-background-color has-background is-layout-flow wp-container-core-group-is-layout-287f94af wp-block-group-is-layout-flow\" style=\"border-radius:4px;padding-top:0;padding-right:0;padding-bottom:0;padding-left:0\">\n<div class=\"wp-block-cover is-light has-custom-content-position is-position-top-right\" style=\"border-top-left-radius:4px;border-top-right-radius:4px;padding-top:var(--wp--preset--spacing--small);padding-right:var(--wp--preset--spacing--small);padding-bottom:var(--wp--preset--spacing--small);padding-left:var(--wp--preset--spacing--small);min-height:200px;aspect-ratio:unset;\"><span aria-hidden=\"true\" class=\"wp-block-cover__background has-background-dim-0 has-background-dim\"><\/span><img decoding=\"async\" class=\"wp-block-cover__image-background\" alt=\"\" src=\"http:\/\/www.czc.com.mx\/home\/wp-content\/themes\/greyd-wp\/assets\/images\/white-cubes-floating.webp\" data-object-fit=\"cover\"\/><div class=\"wp-block-cover__inner-container is-layout-flow wp-block-cover-is-layout-flow\">\n<div class=\"wp-block-group has-background-color has-foreground-background-color has-text-color has-background has-link-color has-tiny-font-size wp-elements-e7e7a73b069d9a20ab066cd158728541 is-nowrap is-layout-flex wp-container-core-group-is-layout-8088c5c0 wp-block-group-is-layout-flex\" style=\"border-radius:4px;padding-top:1px;padding-right:6px;padding-bottom:1px;padding-left:6px\">\n<p>Historia<\/p>\n<\/div>\n<\/div><\/div>\n\n\n\n<div class=\"wp-block-group has-global-padding is-layout-constrained wp-container-core-group-is-layout-6513bb61 wp-block-group-is-layout-constrained\" style=\"margin-top:0;margin-bottom:0;padding-top:var(--wp--preset--spacing--medium);padding-right:var(--wp--preset--spacing--medium);padding-bottom:var(--wp--preset--spacing--medium);padding-left:var(--wp--preset--spacing--medium)\">\n<h2 class=\"wp-block-heading has-text-align-left has-base-font-size\" id=\"nils\">Nils<\/h2>\n\n\n\n<p class=\"has-small-font-size\" style=\"margin-bottom:var(--wp--preset--spacing--medium)\">Nuestro cliente duplic\u00f3 con creces sus clientes potenciales en s\u00f3lo tres meses despu\u00e9s de relanzar sus sitios con Greyd.<\/p>\n\n\n\n<div class=\"wp-block-buttons is-layout-flex wp-block-buttons-is-layout-flex\">\n<div class=\"wp-block-button is-size-small is-style-alternate\"><a class=\"wp-block-button__link wp-element-button\">Empresa 2<\/a><\/div>\n<\/div>\n<\/div>\n<\/div>\n<\/div>\n\n\n\n<div class=\"wp-block-column is-layout-flow wp-block-column-is-layout-flow\">\n<div class=\"wp-block-group has-lightest-background-color has-background is-layout-flow wp-container-core-group-is-layout-287f94af wp-block-group-is-layout-flow\" style=\"border-radius:4px;padding-top:0;padding-right:0;padding-bottom:0;padding-left:0\">\n<div class=\"wp-block-cover is-light has-custom-content-position is-position-top-right\" style=\"border-top-left-radius:4px;border-top-right-radius:4px;padding-top:var(--wp--preset--spacing--small);padding-right:var(--wp--preset--spacing--small);padding-bottom:var(--wp--preset--spacing--small);padding-left:var(--wp--preset--spacing--small);min-height:200px;aspect-ratio:unset;\"><span aria-hidden=\"true\" class=\"wp-block-cover__background has-background-dim-0 has-background-dim\"><\/span><img decoding=\"async\" class=\"wp-block-cover__image-background\" alt=\"\" src=\"http:\/\/www.czc.com.mx\/home\/wp-content\/themes\/greyd-wp\/assets\/images\/transparent-bubbles-and-white-spheres-floating.webp\" data-object-fit=\"cover\"\/><div class=\"wp-block-cover__inner-container is-layout-flow wp-block-cover-is-layout-flow\">\n<div class=\"wp-block-group has-background-color has-foreground-background-color has-text-color has-background has-link-color has-tiny-font-size wp-elements-e7e7a73b069d9a20ab066cd158728541 is-nowrap is-layout-flex wp-container-core-group-is-layout-8088c5c0 wp-block-group-is-layout-flex\" style=\"border-radius:4px;padding-top:1px;padding-right:6px;padding-bottom:1px;padding-left:6px\">\n<p>Historia<\/p>\n<\/div>\n<\/div><\/div>\n\n\n\n<div class=\"wp-block-group has-global-padding is-layout-constrained wp-container-core-group-is-layout-6513bb61 wp-block-group-is-layout-constrained\" style=\"margin-top:0;margin-bottom:0;padding-top:var(--wp--preset--spacing--medium);padding-right:var(--wp--preset--spacing--medium);padding-bottom:var(--wp--preset--spacing--medium);padding-left:var(--wp--preset--spacing--medium)\">\n<h2 class=\"wp-block-heading has-text-align-left has-base-font-size\" id=\"kurt\">Kurt<\/h2>\n\n\n\n<p class=\"has-small-font-size\" style=\"margin-bottom:var(--wp--preset--spacing--medium)\">Greyd es LA herramienta para m\u00ed porque puedo automatizar muchas cosas y acelerar los pasos del trabajo.<\/p>\n\n\n\n<div class=\"wp-block-buttons is-layout-flex wp-block-buttons-is-layout-flex\">\n<div class=\"wp-block-button is-size-small is-style-alternate\"><a class=\"wp-block-button__link wp-element-button\">Empresa 3<\/a><\/div>\n<\/div>\n<\/div>\n<\/div>\n<\/div>\n<\/div>\n<\/div>\n<\/div>\n","protected":false},"excerpt":{"rendered":"<p>\u00bfEst\u00e1s perdiendo tiempo valioso en tareas administrativas, te preocupa el crecimiento de tus deudas o sientes que tu negocio no alcanza su m\u00e1ximo potencial?\u00a1Tenemos la soluci\u00f3n! Nuestro Prop\u00f3sito Superior Empoderar y blindar a las empresas para que naveguen con \u00e9xito en un&nbsp; entorno constante de cambio y evoluci\u00f3n, protegiendo su presente y asegurando su futuro. [&hellip;]<\/p>\n","protected":false},"author":1,"featured_media":0,"parent":0,"menu_order":0,"comment_status":"closed","ping_status":"closed","template":"","meta":{"_gspb_post_css":"","footnotes":""},"class_list":["post-61","page","type-page","status-publish","hentry"],"_links":{"self":[{"href":"http:\/\/www.czc.com.mx\/home\/index.php?rest_route=\/wp\/v2\/pages\/61","targetHints":{"allow":["GET"]}}],"collection":[{"href":"http:\/\/www.czc.com.mx\/home\/index.php?rest_route=\/wp\/v2\/pages"}],"about":[{"href":"http:\/\/www.czc.com.mx\/home\/index.php?rest_route=\/wp\/v2\/types\/page"}],"author":[{"embeddable":true,"href":"http:\/\/www.czc.com.mx\/home\/index.php?rest_route=\/wp\/v2\/users\/1"}],"replies":[{"embeddable":true,"href":"http:\/\/www.czc.com.mx\/home\/index.php?rest_route=%2Fwp%2Fv2%2Fcomments&post=61"}],"version-history":[{"count":12,"href":"http:\/\/www.czc.com.mx\/home\/index.php?rest_route=\/wp\/v2\/pages\/61\/revisions"}],"predecessor-version":[{"id":161,"href":"http:\/\/www.czc.com.mx\/home\/index.php?rest_route=\/wp\/v2\/pages\/61\/revisions\/161"}],"wp:attachment":[{"href":"http:\/\/www.czc.com.mx\/home\/index.php?rest_route=%2Fwp%2Fv2%2Fmedia&parent=61"}],"curies":[{"name":"wp","href":"https:\/\/api.w.org\/{rel}","templated":true}]}}